{"id":7,"date":"2016-12-03T13:49:29","date_gmt":"2016-12-03T12:49:29","guid":{"rendered":"https:\/\/insession2016.wordpress.com\/?page_id=2"},"modified":"2024-02-16T10:31:41","modified_gmt":"2024-02-16T10:31:41","slug":"about","status":"publish","type":"page","link":"https:\/\/insession.info\/?page_id=7","title":{"rendered":"Nastopajo\u010di"},"content":{"rendered":"<p>Do sedaj smo gostili naslednje posameznike\/skupine na odru:<\/p>\n<p>Dejan Filipovi\u010d, Peter Lebar (<a href=\"https:\/\/www.youtube.com\/watch?v=XCmE3v_tpHo\">TJT,<\/a>Rojpot), Jasna Kmetec, Uro\u0161 Podboj, Kristjan Buzeti (Black Barracuda, <a href=\"https:\/\/www.youtube.com\/watch?v=XCmE3v_tpHo\">TJT<\/a>), Miha Peterli\u010d (<a href=\"https:\/\/mihapeterlic.bandcamp.com\/album\/nizke-vode\">Miha Peterlic<\/a>), Darja Klan\u010dar, Dennis Lampret (<a href=\"https:\/\/www.fugl.si\/\">Fugl<\/a>,\u00a0<a href=\"https:\/\/www.youtube.com\/watch?v=XCmE3v_tpHo\">TJT<\/a>), Peter Hudnik (<a href=\"https:\/\/www.youtube.com\/watch?v=1wOsMhN7RUE\">King Foo<\/a>), Dejan Bogomolec (Flyspoon), Katarina Nasteska (<a href=\"https:\/\/www.youtube.com\/watch?v=pDWtCrAxNeg\">By the books<\/a>), Bine Zorko (Happy Ol&#8217; McWeasel), Diana Filipovi\u010d, Alan Ropo\u0161a (<a href=\"https:\/\/soundcloud.com\/qualiass-records\">Evol Ai<\/a>), Nata\u0161a Keser, krejzi w. vinti\u0111 dejzi, Daniela Murgovska, Simon Urbas (<a href=\"https:\/\/www.youtube.com\/watch?v=1OpPYT-Dts4\">Simon in prepe\u010denci<\/a>), Simon Bezek (Skova &amp; Skovani), Elvis Sedi\u0107, Gregor Cvetko (<a href=\"http:\/\/www.goga.si\/sl\/glasba\/hamlet-express\/libanonski-tango\/\">Hamlet Express<\/a>, <a href=\"http:\/\/www.xeniaius.si\/en\/\">Xenia<\/a>\u00a0Ius), Katja Stare (<a href=\"http:\/\/www.jazoo.si\/\">Jazoo<\/a>, <a href=\"http:\/\/www.xeniaius.si\/en\/\">Xenia<\/a>\u00a0Ius), Dani Bavec, Urban A. Logar (3o Ambrosia), Nebojsa Zivkovic, Dejan Stojanovic (<a href=\"https:\/\/www.youtube.com\/channel\/UC96bBiKWjnKfYhR3RhJvskw\">Kolorog<\/a>), Mirko Medved (Roundsquare), Ana \u0160kreblin, Padma, Kristina Aleksova, Dino D\u017eopa, Andrej Tomazin, Vi\u0161nja Fi\u010dor, Jelena Soro (<a href=\"https:\/\/postartensemble.bandcamp.com\/album\/untempered-journey\">PostArt Ensemble<\/a>, <a href=\"https:\/\/thebalkanexperienceofsongandritual.bandcamp.com\/album\/initiation\">The Balkan experience of song and ritual<\/a>) in drugi.<\/p>\n<pre><\/pre>\n","protected":false},"excerpt":{"rendered":"<p>This is just a short excerpt for the about&nbsp;page.<\/p>\n","protected":false},"author":2,"featured_media":0,"parent":0,"menu_order":1,"comment_status":"closed","ping_status":"closed","template":"","meta":{"inline_featured_image":false,"footnotes":""},"class_list":["post-7","page","type-page","status-publish","hentry"],"_links":{"self":[{"href":"https:\/\/insession.info\/index.php?rest_route=\/wp\/v2\/pages\/7","targetHints":{"allow":["GET"]}}],"collection":[{"href":"https:\/\/insession.info\/index.php?rest_route=\/wp\/v2\/pages"}],"about":[{"href":"https:\/\/insession.info\/index.php?rest_route=\/wp\/v2\/types\/page"}],"author":[{"embeddable":true,"href":"https:\/\/insession.info\/index.php?rest_route=\/wp\/v2\/users\/2"}],"replies":[{"embeddable":true,"href":"https:\/\/insession.info\/index.php?rest_route=%2Fwp%2Fv2%2Fcomments&post=7"}],"version-history":[{"count":2,"href":"https:\/\/insession.info\/index.php?rest_route=\/wp\/v2\/pages\/7\/revisions"}],"predecessor-version":[{"id":105,"href":"https:\/\/insession.info\/index.php?rest_route=\/wp\/v2\/pages\/7\/revisions\/105"}],"wp:attachment":[{"href":"https:\/\/insession.info\/index.php?rest_route=%2Fwp%2Fv2%2Fmedia&parent=7"}],"curies":[{"name":"wp","href":"https:\/\/api.w.org\/{rel}","templated":true}]}}